{"id":27,"date":"2024-06-14T12:00:04","date_gmt":"2024-06-14T10:00:04","guid":{"rendered":"https:\/\/www.istitutosangiuseppe.info\/?page_id=27"},"modified":"2026-04-17T16:40:00","modified_gmt":"2026-04-17T14:40:00","slug":"home","status":"publish","type":"page","link":"https:\/\/istitutosangiuseppe.info\/en\/","title":{"rendered":"About"},"content":{"rendered":"<p>[et_pb_section fb_built=&#8221;1&#8243; admin_label=&#8221;Our Mission&#8221; _builder_version=&#8221;4.16&#8243; use_background_color_gradient=&#8221;on&#8221; background_color_gradient_stops=&#8221;rgba(233,239,243,0) 0%|#e9eff3 100%&#8221; background_color_gradient_start=&#8221;rgba(233,239,243,0)&#8221; background_color_gradient_end=&#8221;#e9eff3&#8243; background_image=&#8221;https:\/\/www.istitutosangiuseppe.info\/wp-content\/uploads\/2024\/06\/shapes-bg-color.png&#8221; parallax=&#8221;on&#8221; custom_padding=&#8221;54px|0px|80px|0px|false|false&#8221; global_colors_info=&#8221;{}&#8221;][et_pb_row admin_label=&#8221;Mission Row&#8221; _builder_version=&#8221;4.16&#8243; locked=&#8221;off&#8221; global_colors_info=&#8221;{}&#8221;][et_pb_column type=&#8221;4_4&#8243; _builder_version=&#8221;4.16&#8243; custom_padding=&#8221;|||&#8221; global_colors_info=&#8221;{}&#8221; custom_padding__hover=&#8221;|||&#8221;][et_pb_text _builder_version=&#8221;4.27.4&#8243; text_font=&#8221;Rubik|500|||||||&#8221; text_font_size=&#8221;32px&#8221; text_line_height=&#8221;2em&#8221; header_font=&#8221;||||||||&#8221; header_2_font=&#8221;Rubik|700|||||||&#8221; header_2_font_size=&#8221;40px&#8221; header_2_line_height=&#8221;1.4em&#8221; header_5_font=&#8221;Rubik|700||on|||||&#8221; header_5_text_color=&#8221;#2b76df&#8221; header_5_letter_spacing=&#8221;5px&#8221; header_5_line_height=&#8221;1.5em&#8221; text_orientation=&#8221;center&#8221; max_width=&#8221;700px&#8221; module_alignment=&#8221;center&#8221; custom_margin=&#8221;|||&#8221; custom_margin_tablet=&#8221;0px|||&#8221; custom_margin_last_edited=&#8221;off|desktop&#8221; text_line_height_last_edited=&#8221;off|desktop&#8221; header_2_font_size_tablet=&#8221;&#8221; header_2_font_size_phone=&#8221;30px&#8221; header_2_font_size_last_edited=&#8221;on|phone&#8221; global_colors_info=&#8221;{}&#8221;]<\/p>\n<p style=\"text-align: justify; padding-left: 40px;\">Chi siamo<\/p>\n<p>[\/et_pb_text][et_pb_image src=&#8221;https:\/\/istitutosangiuseppe.info\/wp-content\/uploads\/2026\/04\/Immagine1.jpg&#8221; title_text=&#8221;Immagine1&#8243; align=&#8221;center&#8221; _builder_version=&#8221;4.27.4&#8243; _module_preset=&#8221;default&#8221; global_colors_info=&#8221;{}&#8221;][\/et_pb_image][et_pb_text _builder_version=&#8221;4.27.4&#8243; text_font=&#8221;Rubik|500|||||||&#8221; text_font_size=&#8221;16px&#8221; text_line_height=&#8221;2em&#8221; header_font=&#8221;||||||||&#8221; header_2_font=&#8221;Rubik|700|||||||&#8221; header_2_font_size=&#8221;40px&#8221; header_2_line_height=&#8221;1.4em&#8221; header_5_font=&#8221;Rubik|700||on|||||&#8221; header_5_text_color=&#8221;#2b76df&#8221; header_5_letter_spacing=&#8221;5px&#8221; header_5_line_height=&#8221;1.5em&#8221; text_orientation=&#8221;center&#8221; max_width=&#8221;700px&#8221; module_alignment=&#8221;center&#8221; custom_margin=&#8221;||||false|false&#8221; custom_margin_tablet=&#8221;0px|||&#8221; custom_margin_last_edited=&#8221;off|desktop&#8221; custom_padding=&#8221;|5%||5%|false|false&#8221; text_line_height_last_edited=&#8221;off|desktop&#8221; header_2_font_size_tablet=&#8221;&#8221; header_2_font_size_phone=&#8221;30px&#8221; header_2_font_size_last_edited=&#8221;on|phone&#8221; global_colors_info=&#8221;{}&#8221;]<\/p>\n<p style=\"text-align: left;\">La Cooperativa sociale Istituto San Giuseppe, con ormai pi\u00f9 di venti anni di attivit\u00e0, opera da sempre nell&#8217;ambito dei servizi educativi per minori e\/o svantaggiati.<\/p>\n<p style=\"text-align: left;\">La Cooperativa si propone di sostenere la famiglia nel suo compito educativo, teso ad incrementare l\u2019originale curiosit\u00e0 del bambino, favorendo, attraverso il percorso educativo, una maggiore coscienza di s\u00e9, dell\u2019altro e della realt\u00e0 tutta.<\/p>\n<p style=\"text-align: left;\">Ormai da molti anni la Cooperativa \u00e8 solita raggruppare le proprie attivit\u00e0 in specifiche aree di intervento:<\/p>\n<ul style=\"text-align: left;\">\n<li><strong>rea<\/strong><strong>l<\/strong><strong>i<\/strong><strong>z<\/strong><strong>z<\/strong><strong>a<\/strong><strong>z<\/strong><strong>i<\/strong><strong>o<\/strong><strong>ne<\/strong> <strong>d<\/strong><strong>i<\/strong> <strong>s<\/strong><strong>e<\/strong><strong>rv<\/strong><strong>i<\/strong><strong>z<\/strong><strong>i<\/strong> <strong>s<\/strong><strong>o<\/strong><strong>ci<\/strong><strong>o<\/strong><strong>&#8211;<\/strong><strong>e<\/strong><strong>d<\/strong><strong>u<\/strong><strong>c<\/strong><strong>a<\/strong><strong>t<\/strong><strong>i<\/strong><strong>vi<\/strong><strong> p<\/strong><strong>e<\/strong><strong>r <\/strong><strong>m<\/strong><strong>i<\/strong><strong>n<\/strong><strong>o<\/strong><strong>r<\/strong><strong>i<\/strong><strong> d<\/strong><strong>i<\/strong> <strong>e<\/strong><strong>t\u00e0<\/strong> <strong>c<\/strong><strong>o<\/strong><strong>m<\/strong><strong>p<\/strong><strong>re<\/strong><strong>s<\/strong><strong>a<\/strong> <strong>tra<\/strong> <strong>i<\/strong> <strong>6<\/strong> <strong>mesi<\/strong><strong> ed i 3 anni<\/strong>, attraverso la realizzazione e gestione di asili nido e servizi per l&#8217;infanzia.<\/li>\n<li><strong>g<\/strong><strong>e<\/strong><strong>sti<\/strong><strong>o<\/strong><strong>n<\/strong><strong>e<\/strong> <strong>d<\/strong><strong>i<\/strong> <strong>se<\/strong><strong>rv<\/strong><strong>i<\/strong><strong>z<\/strong><strong>i<\/strong> <strong>e<\/strong><strong>d<\/strong><strong>u<\/strong><strong>c<\/strong><strong>at<\/strong><strong>i<\/strong><strong>vi<\/strong> <strong>s<\/strong><strong>c<\/strong><strong>o<\/strong><strong>l<\/strong><strong>a<\/strong><strong>sti<\/strong><strong>c<\/strong><strong>i<\/strong> <strong>c<\/strong><strong>o<\/strong><strong>n<\/strong> <strong>r<\/strong><strong>i<\/strong><strong>c<\/strong><strong>o<\/strong><strong>n<\/strong><strong>o<\/strong><strong>s<\/strong><strong>c<\/strong><strong>im<\/strong><strong>e<\/strong><strong>n<\/strong><strong>to<\/strong> <strong>d<\/strong><strong>e<\/strong><strong>ll<\/strong><strong>e<\/strong> <strong>i<\/strong><strong>sti<\/strong><strong>t<\/strong><strong>uz<\/strong><strong>i<\/strong><strong>o<\/strong><strong>n<\/strong><strong>i<\/strong><strong> pubbliche di Istruzione <\/strong>(scuole dell\u2019infanzia paritarie, scuole primarie paritarie, scuola secondarie di I e II grado paritarie).<\/li>\n<li><strong>rea<\/strong><strong>l<\/strong><strong>i<\/strong><strong>z<\/strong><strong>z<\/strong><strong>a<\/strong><strong>z<\/strong><strong>i<\/strong><strong>o<\/strong><strong>ne<\/strong> <strong>d<\/strong><strong>i<\/strong> <strong>s<\/strong><strong>e<\/strong><strong>rv<\/strong><strong>i<\/strong><strong>z<\/strong><strong>i<\/strong> <strong>s<\/strong><strong>o<\/strong><strong>ci<\/strong><strong>o<\/strong><strong>&#8211;<\/strong><strong>e<\/strong><strong>d<\/strong><strong>u<\/strong><strong>c<\/strong><strong>a<\/strong><strong>t<\/strong><strong>i<\/strong><strong>vi<\/strong> <strong>i<\/strong><strong>n<\/strong> <strong>o<\/strong><strong>r<\/strong><strong>a<\/strong><strong>rio<\/strong> <strong>p<\/strong><strong>o<\/strong><strong>st<\/strong><strong>&#8211;<\/strong><strong>s<\/strong><strong>c<\/strong><strong>o<\/strong><strong>l<\/strong><strong>a<\/strong><strong>r<\/strong><strong>e<\/strong> <strong>e<\/strong> <strong>l<\/strong><strong>a<\/strong> <strong>g<\/strong><strong>e<\/strong><strong>stio<\/strong><strong>n<\/strong><strong>e<\/strong> <strong>d<\/strong><strong>i<\/strong><strong> alcuni spazi gioco presso centri commerciali.<\/strong><\/li>\n<\/ul>\n<p style=\"text-align: left;\">Relativamente ai servizi per la primissima infanzia, la Cooperativa ha responsabilit\u00e0 diretta di numerosi <strong>asili nido <\/strong>e <strong>scuole dell\u2019infanzia <\/strong>sia nella citt\u00e0 dove \u00e8 nata, Firenze, sia in altre citt\u00e0 toscane<\/p>\n<p style=\"text-align: left;\">Relativamente al secondo settore di intervento \u00e8 continuo l&#8217; impegno teso a consolidare le attivit\u00e0 di innovazione pedagogica con priorit\u00e0 al potenziamento dell\u2019inglese, comprensive di stage all\u2019estero gi\u00e0 per i bambini della scuola primaria e le attivit\u00e0 di introduzione al linguaggio computazionale realizzate con l\u2019introduzione di esperienze di coding.<\/p>\n<p style=\"text-align: left;\">Un&#8217;area importante \u00e8 l&#8217;apertura internazionale della Cooperativa, realizzata attraverso la nomina dei componenti dei consigli direttivi di organizzazioni estere che operano nei settori dell&#8217;educazione.<\/p>\n<p style=\"text-align: left;\">L\u2019apertura ed il confronto con altre realt\u00e0 educative, non solo italiane, resta un\u2019area su cui la Cooperativa vuole continuare ad investire.<\/p>\n<p>[\/et_pb_text][et_pb_button button_url=&#8221;https:\/\/istitutosangiuseppe.info\/wp-content\/uploads\/2026\/04\/Chi-siamo-PN-SCUOLA-E-COMPETENZE-2021-2027.pdf&#8221; button_text=&#8221;PN2127 Regina Mundi&#8221; button_alignment=&#8221;center&#8221; _builder_version=&#8221;4.27.4&#8243; custom_button=&#8221;on&#8221; button_text_size=&#8221;17px&#8221; button_text_color=&#8221;#6daff4&#8243; button_bg_color=&#8221;#FFFFFF&#8221; button_border_width=&#8221;10px&#8221; button_border_color=&#8221;rgba(43,118,223,0)&#8221; button_border_radius=&#8221;100px&#8221; button_font=&#8221;Rubik|600|||||||&#8221; button_use_icon=&#8221;off&#8221; background_layout=&#8221;dark&#8221; button_bg_color_hover=&#8221;#4f8bdd&#8221; locked=&#8221;off&#8221; global_colors_info=&#8221;{}&#8221; button_text_size__hover_enabled=&#8221;off&#8221; button_one_text_size__hover_enabled=&#8221;off&#8221; button_two_text_size__hover_enabled=&#8221;off&#8221; button_text_color__hover_enabled=&#8221;off&#8221; button_one_text_color__hover_enabled=&#8221;off&#8221; button_two_text_color__hover_enabled=&#8221;off&#8221; button_border_width__hover_enabled=&#8221;off&#8221; button_one_border_width__hover_enabled=&#8221;off&#8221; button_two_border_width__hover_enabled=&#8221;off&#8221; button_border_color__hover_enabled=&#8221;off&#8221; button_one_border_color__hover_enabled=&#8221;off&#8221; button_two_border_color__hover_enabled=&#8221;off&#8221; button_border_radius__hover_enabled=&#8221;off&#8221; button_one_border_radius__hover_enabled=&#8221;off&#8221; button_two_border_radius__hover_enabled=&#8221;off&#8221; button_letter_spacing__hover_enabled=&#8221;off&#8221; button_one_letter_spacing__hover_enabled=&#8221;off&#8221; button_two_letter_spacing__hover_enabled=&#8221;off&#8221; button_bg_color__hover_enabled=&#8221;on&#8221; button_bg_color__hover=&#8221;#4f8bdd&#8221; button_one_bg_color__hover_enabled=&#8221;off&#8221; button_two_bg_color__hover_enabled=&#8221;off&#8221;][\/et_pb_button][\/et_pb_column][\/et_pb_row][\/et_pb_section][et_pb_section fb_built=&#8221;1&#8243; admin_label=&#8221;Footer&#8221; _builder_version=&#8221;4.27.4&#8243; background_image=&#8221;https:\/\/www.istitutosangiuseppe.info\/wp-content\/uploads\/2024\/06\/jess-watters-483666-unsplash.jpg&#8221; parallax=&#8221;on&#8221; module_alignment=&#8221;center&#8221; custom_margin=&#8221;0px||||false|false&#8221; custom_padding=&#8221;0px||0px||false|false&#8221; global_colors_info=&#8221;{}&#8221;][et_pb_row use_custom_gutter=&#8221;on&#8221; gutter_width=&#8221;2&#8243; make_equal=&#8221;on&#8221; _builder_version=&#8221;4.27.4&#8243; custom_padding=&#8221;|||&#8221; animation_style=&#8221;fade&#8221; border_radii=&#8221;on|10px|10px|10px|10px&#8221; global_colors_info=&#8221;{}&#8221;][et_pb_column type=&#8221;4_4&#8243; _builder_version=&#8221;4.25.2&#8243; custom_padding=&#8221;|||&#8221; global_colors_info=&#8221;{}&#8221; custom_padding__hover=&#8221;|||&#8221;][et_pb_cta button_url=&#8221;#top&#8221; _builder_version=&#8221;4.27.4&#8243; header_font=&#8221;Rubik|700|||||||&#8221; header_font_size=&#8221;40px&#8221; header_line_height=&#8221;1.4em&#8221; body_font=&#8221;Rubik||||||||&#8221; body_line_height=&#8221;2em&#8221; background_color=&#8221;#ffffff&#8221; custom_button=&#8221;on&#8221; button_text_size=&#8221;16px&#8221; button_text_color=&#8221;#ffffff&#8221; button_bg_color=&#8221;#7f5aff&#8221; button_border_width=&#8221;10px&#8221; button_border_color=&#8221;rgba(65,65,144,0)&#8221; button_border_radius=&#8221;70px&#8221; button_font=&#8221;Rubik|700|||||||&#8221; button_use_icon=&#8221;off&#8221; text_orientation=&#8221;left&#8221; background_layout=&#8221;light&#8221; max_width_last_edited=&#8221;off|desktop&#8221; module_alignment=&#8221;right&#8221; custom_margin=&#8221;|||&#8221; custom_padding=&#8221;64px|60px|64px|60px|true&#8221; header_font_size_tablet=&#8221;&#8221; header_font_size_phone=&#8221;30px&#8221; header_font_size_last_edited=&#8221;on|phone&#8221; body_line_height_last_edited=&#8221;off|desktop&#8221; border_radii=&#8221;on|10px|10px|10px|10px&#8221; button_text_color_hover=&#8221;#ffffff&#8221; button_border_radius_hover=&#8221;70px&#8221; button_bg_color_hover=&#8221;#9577ff&#8221; global_colors_info=&#8221;{}&#8221; button_text_size__hover_enabled=&#8221;off&#8221; button_one_text_size__hover_enabled=&#8221;off&#8221; button_two_text_size__hover_enabled=&#8221;off&#8221; button_text_color__hover_enabled=&#8221;on&#8221; button_text_color__hover=&#8221;#ffffff&#8221; button_one_text_color__hover_enabled=&#8221;off&#8221; button_two_text_color__hover_enabled=&#8221;off&#8221; button_border_width__hover_enabled=&#8221;off&#8221; button_one_border_width__hover_enabled=&#8221;off&#8221; button_two_border_width__hover_enabled=&#8221;off&#8221; button_border_color__hover_enabled=&#8221;off&#8221; button_one_border_color__hover_enabled=&#8221;off&#8221; button_two_border_color__hover_enabled=&#8221;off&#8221; button_border_radius__hover_enabled=&#8221;on&#8221; button_border_radius__hover=&#8221;70px&#8221; button_one_border_radius__hover_enabled=&#8221;off&#8221; button_two_border_radius__hover_enabled=&#8221;off&#8221; button_letter_spacing__hover_enabled=&#8221;off&#8221; button_one_letter_spacing__hover_enabled=&#8221;off&#8221; button_two_letter_spacing__hover_enabled=&#8221;off&#8221; button_bg_color__hover_enabled=&#8221;on&#8221; button_bg_color__hover=&#8221;#9577ff&#8221; button_one_bg_color__hover_enabled=&#8221;off&#8221; button_two_bg_color__hover_enabled=&#8221;off&#8221;]<\/p>\n<h3 style=\"text-align: left;\"><strong>Istituto San Giuseppe<\/strong><strong><\/strong><\/h3>\n<p style=\"text-align: left;\">Societ\u00e0 Cooperativa Sociale<br \/>Via Gioberti 1\/A &#8211; 50129 Firenze<br \/>P.IVA 02188150482<br \/>copyright 2018<\/p>\n<p>[\/et_pb_cta][\/et_pb_column][\/et_pb_row][\/et_pb_section]<\/p>\n","protected":false},"excerpt":{"rendered":"<p>Chi siamoLa Cooperativa sociale Istituto San Giuseppe, con ormai pi\u00f9 di venti anni di attivit\u00e0, opera da sempre nell&#8217;ambito dei servizi educativi per minori e\/o svantaggiati. La Cooperativa si propone di sostenere la famiglia nel suo compito educativo, teso ad incrementare l\u2019originale curiosit\u00e0 del bambino, favorendo, attraverso il percorso educativo, una maggiore coscienza di s\u00e9, [&hellip;]<\/p>\n","protected":false},"author":1,"featured_media":0,"parent":0,"menu_order":0,"comment_status":"closed","ping_status":"closed","template":"","meta":{"_et_pb_use_builder":"on","_et_pb_old_content":"","_et_gb_content_width":"","footnotes":""},"class_list":["post-27","page","type-page","status-publish","hentry"],"_links":{"self":[{"href":"https:\/\/istitutosangiuseppe.info\/en\/wp-json\/wp\/v2\/pages\/27","targetHints":{"allow":["GET"]}}],"collection":[{"href":"https:\/\/istitutosangiuseppe.info\/en\/wp-json\/wp\/v2\/pages"}],"about":[{"href":"https:\/\/istitutosangiuseppe.info\/en\/wp-json\/wp\/v2\/types\/page"}],"author":[{"embeddable":true,"href":"https:\/\/istitutosangiuseppe.info\/en\/wp-json\/wp\/v2\/users\/1"}],"replies":[{"embeddable":true,"href":"https:\/\/istitutosangiuseppe.info\/en\/wp-json\/wp\/v2\/comments?post=27"}],"version-history":[{"count":5,"href":"https:\/\/istitutosangiuseppe.info\/en\/wp-json\/wp\/v2\/pages\/27\/revisions"}],"predecessor-version":[{"id":440,"href":"https:\/\/istitutosangiuseppe.info\/en\/wp-json\/wp\/v2\/pages\/27\/revisions\/440"}],"wp:attachment":[{"href":"https:\/\/istitutosangiuseppe.info\/en\/wp-json\/wp\/v2\/media?parent=27"}],"curies":[{"name":"wp","href":"https:\/\/api.w.org\/{rel}","templated":true}]}}