{"id":618,"date":"2026-04-20T14:07:49","date_gmt":"2026-04-20T12:07:49","guid":{"rendered":"https:\/\/istitutosangiuseppe.info\/?page_id=618"},"modified":"2026-04-20T14:07:49","modified_gmt":"2026-04-20T12:07:49","slug":"whistleblowing","status":"publish","type":"page","link":"https:\/\/istitutosangiuseppe.info\/en\/whistleblowing\/","title":{"rendered":"Whistleblowing"},"content":{"rendered":"<p>[et_pb_section fb_built=&#8221;1&#8243; fullwidth=&#8221;on&#8221; admin_label=&#8221;Header Section&#8221; _builder_version=&#8221;4.27.4&#8243; background_image=&#8221;https:\/\/istitutosangiuseppe.info\/wp-content\/uploads\/2026\/04\/shapes-bg-color.png&#8221; parallax=&#8221;on&#8221; top_divider_style=&#8221;clouds2&#8243; top_divider_color=&#8221;rgba(255,255,255,0.3)&#8221; top_divider_height=&#8221;100%&#8221; bottom_divider_height=&#8221;30px&#8221; global_colors_info=&#8221;{}&#8221;][et_pb_fullwidth_header subhead=&#8221;Whistleblowing&#8221; text_orientation=&#8221;center&#8221; _builder_version=&#8221;4.25.2&#8243; title_level=&#8221;h2&#8243; title_font=&#8221;Rubik|700||on|||||&#8221; title_text_color=&#8221;#ff7355&#8243; title_font_size=&#8221;16px&#8221; title_letter_spacing=&#8221;5px&#8221; title_line_height=&#8221;2em&#8221; content_font=&#8221;Rubik||||||||&#8221; content_font_size=&#8221;18px&#8221; content_line_height=&#8221;2em&#8221; subhead_font=&#8221;Rubik|700|||||||&#8221; subhead_text_color=&#8221;rgba(0,0,0,0.8)&#8221; subhead_font_size=&#8221;50px&#8221; subhead_line_height=&#8221;1.4em&#8221; background_color=&#8221;rgba(255,255,255,0)&#8221; use_background_color_gradient=&#8221;on&#8221; background_color_gradient_stops=&#8221;rgba(255,255,255,0.7) 0%|#ffffff 100%&#8221; background_color_gradient_start=&#8221;rgba(255,255,255,0.7)&#8221; background_color_gradient_end=&#8221;#ffffff&#8221; background_size=&#8221;contain&#8221; background_position=&#8221;bottom_center&#8221; custom_button_one=&#8221;on&#8221; button_one_text_size=&#8221;16px&#8221; button_one_text_color=&#8221;#ffffff&#8221; button_one_bg_color=&#8221;#ff7355&#8243; button_one_border_width=&#8221;15px&#8221; button_one_border_color=&#8221;rgba(210,159,104,0)&#8221; button_one_border_radius=&#8221;100px&#8221; button_one_letter_spacing=&#8221;0px&#8221; button_one_font=&#8221;Rubik|700|||||||&#8221; button_one_use_icon=&#8221;off&#8221; custom_button_two=&#8221;on&#8221; button_two_text_size=&#8221;16px&#8221; button_two_text_color=&#8221;#ffffff&#8221; button_two_bg_color=&#8221;rgba(0,0,0,0.6)&#8221; button_two_border_width=&#8221;15px&#8221; button_two_border_color=&#8221;rgba(210,159,104,0)&#8221; button_two_border_radius=&#8221;100px&#8221; button_two_letter_spacing=&#8221;0px&#8221; button_two_font=&#8221;Rubik|700|||||||&#8221; button_two_use_icon=&#8221;off&#8221; background_layout=&#8221;light&#8221; custom_margin=&#8221;|||&#8221; custom_padding=&#8221;8vw||4vw|&#8221; animation_style=&#8221;slide&#8221; animation_direction=&#8221;bottom&#8221; animation_intensity_slide=&#8221;1%&#8221; subhead_font_size_tablet=&#8221;&#8221; subhead_font_size_phone=&#8221;30px&#8221; subhead_font_size_last_edited=&#8221;on|phone&#8221; button_one_border_radius_hover=&#8221;100px&#8221; button_two_border_radius_hover=&#8221;100px&#8221; button_one_bg_color_hover=&#8221;#ff8a70&#8243; button_two_bg_color_hover=&#8221;#ff8a70&#8243; global_colors_info=&#8221;{}&#8221; button_one_text_size__hover_enabled=&#8221;off&#8221; button_two_text_size__hover_enabled=&#8221;off&#8221; button_one_text_color__hover_enabled=&#8221;off&#8221; button_two_text_color__hover_enabled=&#8221;off&#8221; button_one_border_width__hover_enabled=&#8221;off&#8221; button_two_border_width__hover_enabled=&#8221;off&#8221; button_one_border_color__hover_enabled=&#8221;off&#8221; button_two_border_color__hover_enabled=&#8221;off&#8221; button_one_border_radius__hover_enabled=&#8221;on&#8221; button_one_border_radius__hover=&#8221;100px&#8221; button_two_border_radius__hover_enabled=&#8221;on&#8221; button_two_border_radius__hover=&#8221;100px&#8221; button_one_letter_spacing__hover_enabled=&#8221;off&#8221; button_two_letter_spacing__hover_enabled=&#8221;off&#8221; button_one_bg_color__hover_enabled=&#8221;on&#8221; button_one_bg_color__hover=&#8221;#ff8a70&#8243; button_two_bg_color__hover_enabled=&#8221;on&#8221; button_two_bg_color__hover=&#8221;#ff8a70&#8243;][\/et_pb_fullwidth_header][\/et_pb_section][et_pb_section fb_built=&#8221;1&#8243; background_color_gradient_stops_1=&#8221;#2b87da 0%|#c7cbd4 100%&#8221; background_color_gradient_end_1=&#8221;#c7cbd4&#8243; admin_label=&#8221;Feature&#8221; _builder_version=&#8221;4.16&#8243; background_color=&#8221;#7f5aff&#8221; custom_padding=&#8221;0|0px|0|0px|false|false&#8221; locked=&#8221;off&#8221; global_colors_info=&#8221;{}&#8221;][et_pb_row column_structure=&#8221;1_2,1_2&#8243; use_custom_gutter=&#8221;on&#8221; gutter_width=&#8221;1&#8243; make_equal=&#8221;on&#8221; padding_top_bottom_link_1=&#8221;true&#8221; padding_top_bottom_link_2=&#8221;true&#8221; module_class=&#8221; et_pb_row_fullwidth&#8221; _builder_version=&#8221;4.16&#8243; width=&#8221;100%&#8221; width_tablet=&#8221;100%&#8221; width_phone=&#8221;100%&#8221; width_last_edited=&#8221;on|desktop&#8221; max_width=&#8221;100%&#8221; max_width_tablet=&#8221;100%&#8221; max_width_phone=&#8221;100%&#8221; max_width_last_edited=&#8221;on|desktop&#8221; custom_padding=&#8221;0px|0px|0px|0px&#8221; make_fullwidth=&#8221;on&#8221; global_colors_info=&#8221;{}&#8221;][et_pb_column type=&#8221;1_2&#8243; _builder_version=&#8221;4.16&#8243; background_color=&#8221;#3a5063&#8243; custom_padding=&#8221;120px|80px|120px|10%&#8221; custom_padding_tablet=&#8221;|10%||10%||true&#8221; custom_padding_phone=&#8221;|10%||10%||true&#8221; custom_padding_last_edited=&#8221;on|tablet&#8221; global_colors_info=&#8221;{}&#8221; padding_tablet=&#8221;|10%||10%||true&#8221; padding_last_edited=&#8221;on|tablet&#8221; custom_padding__hover=&#8221;|||&#8221; padding_phone=&#8221;|10%||10%||true&#8221;][et_pb_text admin_label=&#8221;Title&#8221; _builder_version=&#8221;4.25.2&#8243; text_font=&#8221;Rubik|500|||||||&#8221; text_font_size=&#8221;16px&#8221; text_line_height=&#8221;2em&#8221; quote_font=&#8221;||||||||&#8221; header_font=&#8221;||||||||&#8221; header_2_font=&#8221;Cabin Sketch|700||on|||||&#8221; header_2_font_size=&#8221;40px&#8221; header_2_letter_spacing=&#8221;6px&#8221; header_2_line_height=&#8221;1.4em&#8221; header_5_font=&#8221;Rubik|700||on|||||&#8221; header_5_text_color=&#8221;#ff9c02&#8243; header_5_letter_spacing=&#8221;5px&#8221; header_5_line_height=&#8221;1.2em&#8221; background_layout=&#8221;dark&#8221; max_width=&#8221;600px&#8221; max_width_tablet=&#8221;&#8221; max_width_phone=&#8221;&#8221; max_width_last_edited=&#8221;on|phone&#8221; custom_margin=&#8221;|||&#8221; custom_margin_tablet=&#8221;|70px||70px&#8221; custom_margin_phone=&#8221;|50px||50px&#8221; custom_margin_last_edited=&#8221;off|desktop&#8221; custom_padding=&#8221;|||&#8221; text_line_height_last_edited=&#8221;off|desktop&#8221; header_2_font_size_tablet=&#8221;&#8221; header_2_font_size_phone=&#8221;30px&#8221; header_2_font_size_last_edited=&#8221;on|phone&#8221; locked=&#8221;off&#8221; inline_fonts=&#8221;Sacramento&#8221; global_colors_info=&#8221;{}&#8221;]<\/p>\n<p><strong>P<\/strong><strong>r<\/strong><strong>o<\/strong><strong>c<\/strong><strong>e<\/strong><strong>d<\/strong><strong>u<\/strong><strong>r<\/strong><strong>a<\/strong> <strong>e<\/strong> <strong>g<\/strong><strong>e<\/strong><strong>s<\/strong><strong>t<\/strong><strong>i<\/strong><strong>o<\/strong><strong>n<\/strong><strong>e<\/strong> <strong>d<\/strong><strong>e<\/strong><strong>l<\/strong> <strong>s<\/strong><strong>i<\/strong><strong>s<\/strong><strong>t<\/strong><strong>e<\/strong><strong>ma<\/strong> <strong>d<\/strong><strong>i<\/strong> <strong>s<\/strong><strong>e<\/strong><strong>g<\/strong><strong>n<\/strong><strong>a<\/strong><strong>l<\/strong><strong>a<\/strong><strong>z<\/strong><strong>i<\/strong><strong>o<\/strong><strong>n<\/strong><strong>e<\/strong> <strong>d<\/strong><strong>e<\/strong><strong>ll<\/strong><strong>e<\/strong> <strong>v<\/strong><strong>i<\/strong><strong>o<\/strong><strong>l<\/strong><strong>a<\/strong><strong>z<\/strong><strong>i<\/strong><strong>o<\/strong><strong>n<\/strong><strong>i<\/strong><\/p>\n<p>In attuazione della Direttiva (UE) 2019\/1937, \u00e8 stato emanato il d.lgs. n. 24 del 10 marzo 2023 riguardante \u201cla protezione delle persone che segnalano violazioni del diritto dell\u2019Unione e recante disposizioni riguardanti la protezione delle persone che segnalano violazioni delle disposizioni normative nazionali\u201d.<\/p>\n<p>&nbsp;<\/p>\n<p><strong>COSA<\/strong> <strong>S<\/strong><strong>I<\/strong> <strong>P<\/strong><strong>U<\/strong><strong>\u00d2<\/strong> <strong>S<\/strong><strong>E<\/strong><strong>G<\/strong><strong>N<\/strong><strong>A<\/strong><strong>LARE<\/strong><\/p>\n<ul>\n<li>illeciti relativi a: appalti pubblici; servizi, prodotti e mercati finanziari e prevenzione del riciclaggio e del finanziamento del terrorismo; sicurezza e conformit\u00e0 dei prodotti; sicurezza dei trasporti; tutela dell\u2019ambiente; radioprotezione e sicurezza nucleare; sicurezza degli alimenti e dei mangimi e salute e benessere degli animali; salute pubblica; protezione dei consumatori; tutela della vita privata e protezione dei dati personali e sicurezza delle reti e dei sistemi informativi;<\/li>\n<li>atti od omissioni che ledono gli interessi finanziari dell\u2019Unione;<\/li>\n<li>atti od omissioni riguardanti il mercato interno, comprese le violazioni delle norme dell\u2019Unione europea in materia di concorrenza e di aiuti di Stato, nonch\u00e9 le violazioni riguardanti il mercato interno connesse ad atti che violano le norme in materia di imposta sulle Societ\u00e0 o i meccanismi il cui fine \u00e8 ottenere un vantaggio fiscale che vanifica l\u2019oggetto o la finalit\u00e0 della normativa applicabile in materia di imposta sulle Societ\u00e0;<\/li>\n<li>atti o comportamenti che vanificano l\u2019oggetto o la finalit\u00e0 delle disposizioni di cui agli atti dell\u2019Unione nei settori indicati nei precedenti punti.<\/li>\n<\/ul>\n<p>Non possono pi\u00f9 essere segnalate le mere irregolarit\u00e0.<\/p>\n<p><strong><\/strong><\/p>\n<p><strong><\/strong><\/p>\n<p><strong><\/strong><\/p>\n<p><strong>CHI PU\u00d2 SEGNALARE<\/strong><\/p>\n<ul>\n<li>dipendenti;<\/li>\n<li>collaboratori e consulenti;<\/li>\n<li>i lavoratori o i collaboratori, che svolgono la propria attivit\u00e0 lavorativa presso soggetti del settore pubblico o del settore privato che forniscono beni o servizi che realizzano opere in favore di terzi;<\/li>\n<li>i liberi professionisti e i consulenti che prestano la propria attivit\u00e0 presso la Fondazione;<\/li>\n<li>i volontari e i tirocinanti, retribuiti e non retribuiti, che prestano la propria attivit\u00e0 presso la Fondazione; \u2022 gli azionisti e le persone con funzioni di amministrazione, direzione, controllo, vigilanza o rappresentanza,<\/li>\n<\/ul>\n<p>anche qualora tali funzioni siano esercitate in via di mero fatto, presso la Fondazione.<\/p>\n<p><strong><\/strong><\/p>\n<p><strong><\/strong><\/p>\n<p><strong><\/strong><\/p>\n<p><strong>CONTENUTI DELLE SEGNALAZIONI<\/strong><\/p>\n<p>Il Segnalante \u00e8 tenuto a fornire tutti gli elementi utili a consentire le dovute e appropriate verifiche a riscontro della fondatezza dei fatti oggetto di Segnalazione interna. A tal fine, la Segnalazione interna dovrebbe contenere circostanze e informazioni concrete, documentate e\/o documentabili, tali da far ragionevolmente ritenere che gli atti\/fatti od omissioni segnalati costituiscano Violazione.<\/p>\n<p>In caso di Segnalazioni interne anonime, il Gestore delle Segnalazioni si riserva di prenderle in considerazione sulla base della gravit\u00e0 dei fatti segnalati e in relazione al livello di dettaglio e precisione del contenuto della Segnalazione interna.<\/p>\n<p>&nbsp;<\/p>\n<p><strong>CA<\/strong><strong>N<\/strong><strong>A<\/strong><strong>L<\/strong><strong>I<\/strong> <strong>D<\/strong><strong>I<\/strong><strong> SEGNALAZIONE INTERNI<\/strong><\/p>\n<p>In ottemperanza alle disposizioni normative sono state attivate un canale di segnalazione orale ed uno scritto. I riferimenti del Gestore e tutte le modalit\u00e0 attuate sono indicati nel regolamento approvato dalla cooperativa e qui allegato.<\/p>\n<p>Nell\u2019ambito del processo di gestione delle segnalazioni i dati personali sono trattati nel rispetto della normativa vigente in materia (Regolamento UE 679\/2016 e D.Lgs. 196\/2003, cos\u00ec come modificato dal D.Lgs. 101\/2018); per ulteriori dettagli \u00e8 possibile consultare in allegato le informative per il segnalante e per la persona coinvolta nella segnalazione.<\/p>\n<p>[\/et_pb_text][\/et_pb_column][et_pb_column type=&#8221;1_2&#8243; _builder_version=&#8221;4.16&#8243; background_color_gradient_direction=&#8221;90deg&#8221; background_color_gradient_start=&#8221;#ff7355&#8243; background_color_gradient_end=&#8221;rgba(255,115,85,0.6)&#8221; background_image=&#8221;https:\/\/www.istitutosangiuseppe.info\/wp-content\/uploads\/2024\/06\/pencils.jpg&#8221; custom_padding=&#8221;120px|10%|120px|80px&#8221; custom_padding_tablet=&#8221;|10%||10%||true&#8221; custom_padding_phone=&#8221;|10%||10%||true&#8221; custom_padding_last_edited=&#8221;on|tablet&#8221; global_colors_info=&#8221;{}&#8221; padding_tablet=&#8221;|10%||10%||true&#8221; padding_last_edited=&#8221;on|tablet&#8221; custom_padding__hover=&#8221;|||&#8221; padding_phone=&#8221;|10%||10%||true&#8221;][et_pb_divider color=&#8221;rgba(0,0,0,0)&#8221; _builder_version=&#8221;4.16&#8243; height=&#8221;200px&#8221; locked=&#8221;off&#8221; global_colors_info=&#8221;{}&#8221;][\/et_pb_divider][\/et_pb_column][\/et_pb_row][\/et_pb_section][et_pb_section fb_built=&#8221;1&#8243; admin_label=&#8221;Video&#8221; _builder_version=&#8221;4.16&#8243; background_color=&#8221;#5b41db&#8221; background_image=&#8221;https:\/\/www.istitutosangiuseppe.info\/wp-content\/uploads\/2024\/06\/shapes-bg-1.png&#8221; parallax=&#8221;on&#8221; global_colors_info=&#8221;{}&#8221;][et_pb_row column_structure=&#8221;1_2,1_2&#8243; _builder_version=&#8221;4.16&#8243; global_colors_info=&#8221;{}&#8221;][et_pb_column type=&#8221;1_2&#8243; _builder_version=&#8221;4.16&#8243; custom_padding=&#8221;|||&#8221; global_colors_info=&#8221;{}&#8221; custom_padding__hover=&#8221;|||&#8221;][et_pb_text _builder_version=&#8221;4.25.2&#8243; text_font=&#8221;Rubik|500|||||||&#8221; text_font_size=&#8221;16px&#8221; text_line_height=&#8221;2em&#8221; quote_font=&#8221;||||||||&#8221; header_font=&#8221;||||||||&#8221; header_2_font=&#8221;Rubik|700|||||||&#8221; header_2_font_size=&#8221;40px&#8221; header_2_line_height=&#8221;1.4em&#8221; header_5_font=&#8221;Rubik|700||on|||||&#8221; header_5_letter_spacing=&#8221;5px&#8221; header_5_line_height=&#8221;1.2em&#8221; background_layout=&#8221;dark&#8221; max_width=&#8221;600px&#8221; max_width_tablet=&#8221;&#8221; max_width_phone=&#8221;&#8221; max_width_last_edited=&#8221;on|phone&#8221; custom_margin=&#8221;|||&#8221; custom_margin_tablet=&#8221;|70px||70px&#8221; custom_margin_phone=&#8221;|50px||50px&#8221; custom_margin_last_edited=&#8221;off|desktop&#8221; custom_padding=&#8221;|||&#8221; text_line_height_last_edited=&#8221;off|desktop&#8221; header_2_font_size_tablet=&#8221;&#8221; header_2_font_size_phone=&#8221;30px&#8221; header_2_font_size_last_edited=&#8221;on|phone&#8221; global_colors_info=&#8221;{}&#8221;]<\/p>\n<h5>Download<\/h5>\n<h2>Scarica adesso<\/h2>\n<p>[\/et_pb_text][\/et_pb_column][et_pb_column type=&#8221;1_2&#8243; _builder_version=&#8221;4.16&#8243; custom_padding=&#8221;|||&#8221; global_colors_info=&#8221;{}&#8221; custom_padding__hover=&#8221;|||&#8221;][et_pb_button button_url=&#8221;https:\/\/istitutosangiuseppe.info\/wp-content\/uploads\/2026\/04\/Regolamento-Whistleblowing.pdf&#8221; button_text=&#8221;Regolamento Whistleblowing&#8221; button_alignment=&#8221;center&#8221; _builder_version=&#8221;4.27.4&#8243; _module_preset=&#8221;default&#8221; hover_enabled=&#8221;0&#8243; global_colors_info=&#8221;{}&#8221; sticky_enabled=&#8221;0&#8243;][\/et_pb_button][et_pb_button button_url=&#8221;https:\/\/istitutosangiuseppe.info\/wp-content\/uploads\/2026\/04\/INFORM2.pdf&#8221; button_text=&#8221;Informativa trattamento dati personali persona segnalata&#8221; button_alignment=&#8221;center&#8221; _builder_version=&#8221;4.27.4&#8243; _module_preset=&#8221;default&#8221; hover_enabled=&#8221;0&#8243; global_colors_info=&#8221;{}&#8221; sticky_enabled=&#8221;0&#8243;][\/et_pb_button][et_pb_button button_url=&#8221;https:\/\/istitutosangiuseppe.info\/wp-content\/uploads\/2026\/04\/INFORM1.pdf&#8221; button_text=&#8221;Informativa trattamento dati personali persona segnalante&#8221; button_alignment=&#8221;center&#8221; _builder_version=&#8221;4.27.4&#8243; _module_preset=&#8221;default&#8221; hover_enabled=&#8221;0&#8243; global_colors_info=&#8221;{}&#8221; sticky_enabled=&#8221;0&#8243;][\/et_pb_button][\/et_pb_column][\/et_pb_row][\/et_pb_section][et_pb_section fb_built=&#8221;1&#8243; admin_label=&#8221;Footer&#8221; _builder_version=&#8221;4.27.4&#8243; background_image=&#8221;https:\/\/istitutosangiuseppe.info\/wp-content\/uploads\/2026\/04\/Immagine7.jpg&#8221; parallax=&#8221;on&#8221; custom_margin=&#8221;|||&#8221; custom_padding=&#8221;|||&#8221; locked=&#8221;off&#8221; global_colors_info=&#8221;{}&#8221;][et_pb_row use_custom_gutter=&#8221;on&#8221; gutter_width=&#8221;2&#8243; make_equal=&#8221;on&#8221; _builder_version=&#8221;4.25.2&#8243; custom_padding=&#8221;|||&#8221; animation_style=&#8221;fade&#8221; border_radii=&#8221;on|10px|10px|10px|10px&#8221; global_colors_info=&#8221;{}&#8221;][et_pb_column type=&#8221;4_4&#8243; _builder_version=&#8221;4.25.2&#8243; custom_padding=&#8221;|||&#8221; global_colors_info=&#8221;{}&#8221; custom_padding__hover=&#8221;|||&#8221;][et_pb_cta button_url=&#8221;#top&#8221; _builder_version=&#8221;4.25.2&#8243; header_font=&#8221;Rubik|700|||||||&#8221; header_font_size=&#8221;40px&#8221; header_line_height=&#8221;1.4em&#8221; body_font=&#8221;Rubik||||||||&#8221; body_line_height=&#8221;2em&#8221; background_color=&#8221;#ffffff&#8221; custom_button=&#8221;on&#8221; button_text_size=&#8221;16px&#8221; button_text_color=&#8221;#ffffff&#8221; button_bg_color=&#8221;#7f5aff&#8221; button_border_width=&#8221;10px&#8221; button_border_color=&#8221;rgba(65,65,144,0)&#8221; button_border_radius=&#8221;70px&#8221; button_font=&#8221;Rubik|700|||||||&#8221; button_use_icon=&#8221;off&#8221; text_orientation=&#8221;left&#8221; background_layout=&#8221;light&#8221; max_width_last_edited=&#8221;off|desktop&#8221; module_alignment=&#8221;right&#8221; custom_margin=&#8221;|||&#8221; custom_padding=&#8221;64px|60px|64px|60px|true&#8221; header_font_size_tablet=&#8221;&#8221; header_font_size_phone=&#8221;30px&#8221; header_font_size_last_edited=&#8221;on|phone&#8221; body_line_height_last_edited=&#8221;off|desktop&#8221; border_radii=&#8221;on|10px|10px|10px|10px&#8221; button_text_color_hover=&#8221;#ffffff&#8221; button_border_radius_hover=&#8221;70px&#8221; button_bg_color_hover=&#8221;#9577ff&#8221; global_colors_info=&#8221;{}&#8221; button_text_size__hover_enabled=&#8221;off&#8221; button_one_text_size__hover_enabled=&#8221;off&#8221; button_two_text_size__hover_enabled=&#8221;off&#8221; button_text_color__hover_enabled=&#8221;on&#8221; button_text_color__hover=&#8221;#ffffff&#8221; button_one_text_color__hover_enabled=&#8221;off&#8221; button_two_text_color__hover_enabled=&#8221;off&#8221; button_border_width__hover_enabled=&#8221;off&#8221; button_one_border_width__hover_enabled=&#8221;off&#8221; button_two_border_width__hover_enabled=&#8221;off&#8221; button_border_color__hover_enabled=&#8221;off&#8221; button_one_border_color__hover_enabled=&#8221;off&#8221; button_two_border_color__hover_enabled=&#8221;off&#8221; button_border_radius__hover_enabled=&#8221;on&#8221; button_border_radius__hover=&#8221;70px&#8221; button_one_border_radius__hover_enabled=&#8221;off&#8221; button_two_border_radius__hover_enabled=&#8221;off&#8221; button_letter_spacing__hover_enabled=&#8221;off&#8221; button_one_letter_spacing__hover_enabled=&#8221;off&#8221; button_two_letter_spacing__hover_enabled=&#8221;off&#8221; button_bg_color__hover_enabled=&#8221;on&#8221; button_bg_color__hover=&#8221;#9577ff&#8221; button_one_bg_color__hover_enabled=&#8221;off&#8221; button_two_bg_color__hover_enabled=&#8221;off&#8221;]<\/p>\n<h1 style=\"text-align: center;\"><strong>Contatti<\/strong><\/h1>\n<p><strong><\/strong><\/p>\n<p style=\"text-align: center;\"><strong>Dati:<\/strong><\/p>\n<p style=\"text-align: center;\"><strong>\u00a0<\/strong>P.iva e CF <span>02188150482<\/span><\/p>\n<p style=\"text-align: center;\"><strong>Indirizzo:<\/strong><\/p>\n<p style=\"text-align: center;\"><span>VIA GIOBERTI, 1\/A, 50129 FIRENZE (FI)<\/span><\/p>\n<p>[\/et_pb_cta][\/et_pb_column][\/et_pb_row][\/et_pb_section]<\/p>\n","protected":false},"excerpt":{"rendered":"<p>Procedura e gestione del sistema di segnalazione delle violazioni In attuazione della Direttiva (UE) 2019\/1937, \u00e8 stato emanato il d.lgs. n. 24 del 10 marzo 2023 riguardante \u201cla protezione delle persone che segnalano violazioni del diritto dell\u2019Unione e recante disposizioni riguardanti la protezione delle persone che segnalano violazioni delle disposizioni normative nazionali\u201d. &nbsp; COSA SI [&hellip;]<\/p>\n","protected":false},"author":1,"featured_media":0,"parent":0,"menu_order":0,"comment_status":"closed","ping_status":"closed","template":"","meta":{"_et_pb_use_builder":"on","_et_pb_old_content":"","_et_gb_content_width":"","footnotes":""},"class_list":["post-618","page","type-page","status-publish","hentry"],"_links":{"self":[{"href":"https:\/\/istitutosangiuseppe.info\/en\/wp-json\/wp\/v2\/pages\/618","targetHints":{"allow":["GET"]}}],"collection":[{"href":"https:\/\/istitutosangiuseppe.info\/en\/wp-json\/wp\/v2\/pages"}],"about":[{"href":"https:\/\/istitutosangiuseppe.info\/en\/wp-json\/wp\/v2\/types\/page"}],"author":[{"embeddable":true,"href":"https:\/\/istitutosangiuseppe.info\/en\/wp-json\/wp\/v2\/users\/1"}],"replies":[{"embeddable":true,"href":"https:\/\/istitutosangiuseppe.info\/en\/wp-json\/wp\/v2\/comments?post=618"}],"version-history":[{"count":4,"href":"https:\/\/istitutosangiuseppe.info\/en\/wp-json\/wp\/v2\/pages\/618\/revisions"}],"predecessor-version":[{"id":632,"href":"https:\/\/istitutosangiuseppe.info\/en\/wp-json\/wp\/v2\/pages\/618\/revisions\/632"}],"wp:attachment":[{"href":"https:\/\/istitutosangiuseppe.info\/en\/wp-json\/wp\/v2\/media?parent=618"}],"curies":[{"name":"wp","href":"https:\/\/api.w.org\/{rel}","templated":true}]}}